{"id":867,"date":"2016-10-15T00:29:15","date_gmt":"2016-10-14T21:29:15","guid":{"rendered":"https:\/\/usuteadus.ee\/?page_id=867"},"modified":"2016-10-18T22:39:43","modified_gmt":"2016-10-18T19:39:43","slug":"usuteadusline-ajakiri","status":"publish","type":"page","link":"https:\/\/usuteadus.ee\/?page_id=867&lang=et","title":{"rendered":"Usuteadusline Ajakiri"},"content":{"rendered":"<p>Tartu \u00dclikooli raamatukogu on digiteerinud <em>Usuteadusliku Ajakirja<\/em> eelk\u00e4ija, <em>Usuteaduslise Ajakirja<\/em> numbrid. Suurema loetavuse ja lihtsama k\u00e4ttesaadavuse huvides avaldame need numbrid ka siin.<br \/>\n(Vaata sissejuhatuseks ka Riho Altnurme \u00fclevaadet Usuteadusliku Ajakirja esimesest perioodist numbris 1 &#8211; 2000:\u00a0<a href=\"https:\/\/usuteadus.ee\/wp-content\/uploads\/2000\/02_UA_1_2000_Altnurme.pdf\">\u201cUsuteaduslik Ajakiri\u201d 1926 \u2013 1940<\/a>.)<\/p>\n<p><strong>Usuteadusline Ajakiri<\/strong><\/p>\n<p><a href=\"https:\/\/usuteadus.ee\/wp-content\/uploads\/usuteadusline%20ajakiri\/usuteadusline_ajakiri_1926_I_vihikud_1-4.pdf\">I aastak\u00e4ik. Vihikud 1-4 (1926 \u2013 1927)<\/a><br \/>\n<a href=\"https:\/\/usuteadus.ee\/wp-content\/uploads\/usuteadusline%20ajakiri\/usuteadusline_ajakiri_1926_I_lisavihik_1.pdf\">Lisavihik 1 (1926). Kas Tallinna doomkirik on kirikuloolises arenemisk\u00e4igus olnud piiskopi-kirikuks? O. Sild<\/a><\/p>\n<p><a href=\"https:\/\/usuteadus.ee\/wp-content\/uploads\/usuteadusline%20ajakiri\/usuteadusline_ajakiri_1927_II_vihik_1.pdf\">II aastak\u00e4ik. Vihik 1 (1927)<\/a><br \/>\n<a href=\"https:\/\/usuteadus.ee\/wp-content\/uploads\/usuteadusline%20ajakiri\/usuteadusline_ajakiri_1927_II_vihik_2.pdf\">II aastak\u00e4ik. Vihik 2 (1927)<\/a><br \/>\n<a href=\"https:\/\/usuteadus.ee\/wp-content\/uploads\/usuteadusline%20ajakiri\/usuteadusline_ajakiri_1928_II_vihik_3.pdf\">II aastak\u00e4ik. Vihik 3 (1928)<\/a><br \/>\n<a href=\"https:\/\/usuteadus.ee\/wp-content\/uploads\/usuteadusline%20ajakiri\/usuteadusline_ajakiri_1928_II_vihik_4.pdf\">II aastak\u00e4ik. Vihik 4 (1928)<\/a><\/p>\n<p><a href=\"https:\/\/usuteadus.ee\/wp-content\/uploads\/usuteadusline%20ajakiri\/usuteadusline_ajakiri_1928_III_vihik_1.pdf\">III aastak\u00e4ik. Nr 1 (1928)<\/a><br \/>\n<a href=\"https:\/\/usuteadus.ee\/wp-content\/uploads\/usuteadusline%20ajakiri\/usuteadusline_ajakiri_1928_III_vihik_2.pdf\">III aastak\u00e4ik. Nr 2 (1928)<\/a><br \/>\n<a href=\"https:\/\/usuteadus.ee\/wp-content\/uploads\/usuteadusline%20ajakiri\/usuteadusline_ajakiri_1929_III_-vihik_3_4.pdf\">III aastak\u00e4ik. Nr 3\/4 (1929)<\/a><\/p>\n<p><a href=\"https:\/\/usuteadus.ee\/wp-content\/uploads\/usuteadusline%20ajakiri\/usuteadusline_ajakiri_1929_IV_vihik_1.pdf\">IV aastak\u00e4ik. Nr 1 (1929)<\/a><br \/>\n<a href=\"https:\/\/usuteadus.ee\/wp-content\/uploads\/usuteadusline%20ajakiri\/usuteadusline_ajakiri_1930_IV_vihik_2.pdf\">IV aastak\u00e4ik. Nr 2 (1930)<\/a><br \/>\n<a href=\"https:\/\/usuteadus.ee\/wp-content\/uploads\/usuteadusline%20ajakiri\/usuteadusline_ajakiri_1931_1932_IV_vihik_3_4.pdf\">IV aastak\u00e4ik. Nr 3\/4 (1931\/1932)<\/a><br \/>\n<a href=\"https:\/\/usuteadus.ee\/wp-content\/uploads\/usuteadusline%20ajakiri\/usuteadusline_ajakiri_1932_lisavihik_3.pdf\">Lisavihik 3 (1932). Tartu Usuteaduskond Rootsi ajal. E. Tennmann (toim)<\/a><\/p>\n<p><a href=\"https:\/\/usuteadus.ee\/wp-content\/uploads\/usuteadusline%20ajakiri\/usuteadusline_ajakiri_1933_V_vihik_1.pdf\">V aastak\u00e4ik. Nr 1 (1933)<\/a><br \/>\n<a href=\"https:\/\/usuteadus.ee\/wp-content\/uploads\/usuteadusline%20ajakiri\/usuteadusline_ajakiri_1933_V_vihik_2.pdf\">V aastak\u00e4ik. Nr 2 (1933)<\/a><br \/>\n<a href=\"https:\/\/usuteadus.ee\/wp-content\/uploads\/usuteadusline%20ajakiri\/usuteadusline_ajakiri_1933_V_vihik_3.pdf\">V aastak\u00e4ik. Nr 3 (1933)<\/a><br \/>\n<a href=\"https:\/\/usuteadus.ee\/wp-content\/uploads\/usuteadusline%20ajakiri\/usuteadusline_ajakiri_1933_V_vihik_4.pdf\">V aastak\u00e4ik. Nr 4 (1933)<\/a><br \/>\n<a href=\"https:\/\/usuteadus.ee\/wp-content\/uploads\/usuteadusline%20ajakiri\/usuteadusline_ajakiri_1933_lisavihik_4.pdf\">Lisavihik 4 (1933). V\u00e4ndra T\u00f5nn. 1932 a. teadete valgustusel. M.J. Eisen<\/a><br \/>\n<a href=\"https:\/\/usuteadus.ee\/wp-content\/uploads\/usuteadusline%20ajakiri\/usuteadusline_ajakiri_1933_lisavihik_5.pdf\">Lisavihik 5 (1933) Anatoti prohvet. Hugo Masing<\/a><\/p>\n<p><a href=\"https:\/\/usuteadus.ee\/wp-content\/uploads\/usuteadusline%20ajakiri\/usuteadusline_ajakiri_1934_VI_vihik_1.pdf\">VI aastak\u00e4ik. Nr 1 (1934)<\/a><br \/>\n<a href=\"https:\/\/usuteadus.ee\/wp-content\/uploads\/usuteadusline%20ajakiri\/usuteadusline_ajakiri_1934_VI_vihik_2.pdf\">VI aastak\u00e4ik. Nr 2 (1934)<\/a><br \/>\n<a href=\"https:\/\/usuteadus.ee\/wp-content\/uploads\/usuteadusline%20ajakiri\/usuteadusline_ajakiri_1934_VI_vihik_3.pdf\">VI aastak\u00e4ik. Nr 3 (1934)<\/a><br \/>\n<a href=\"https:\/\/usuteadus.ee\/wp-content\/uploads\/usuteadusline%20ajakiri\/usuteadusline_ajakiri_1934_VI_vihik_4.pdf\">VI aastak\u00e4ik. Nr 4 (1934)<\/a><\/p>\n<p><a href=\"https:\/\/usuteadus.ee\/wp-content\/uploads\/usuteadusline%20ajakiri\/usuteadusline_ajakiri_1935_VII_vihik_1.pdf\">VII aastak\u00e4ik. Nr 1 (1935)<\/a><br \/>\n<a href=\"https:\/\/usuteadus.ee\/wp-content\/uploads\/usuteadusline%20ajakiri\/usuteadusline_ajakiri_1935_VII_vihik_2.pdf\">VII aastak\u00e4ik. Nr 2 (1935)<\/a><br \/>\n<a href=\"https:\/\/usuteadus.ee\/wp-content\/uploads\/usuteadusline%20ajakiri\/usuteadusline_ajakiri_1935_VII_vihik_3.pdf\">VII aastak\u00e4ik. Nr 3 (1935)<\/a><br \/>\n<a href=\"https:\/\/usuteadus.ee\/wp-content\/uploads\/usuteadusline%20ajakiri\/usuteadusline_ajakiri_1935_VII_vihik_4.pdf\">VII aastak\u00e4ik. Nr 4 (1935)<\/a><\/p>\n<p><a href=\"https:\/\/usuteadus.ee\/wp-content\/uploads\/usuteadusline%20ajakiri\/usuteadusline_ajakiri_1936_VIII_vihik_1.pdf\">VIII aastak\u00e4ik Nr 1 (1936)<\/a><br \/>\n<a href=\"https:\/\/usuteadus.ee\/wp-content\/uploads\/usuteadusline%20ajakiri\/usuteadusline_ajakiri_1936_VIII_vihik_2.pdf\">VIII aastak\u00e4ik Nr 2 (1936)<\/a><br \/>\n<a href=\"https:\/\/usuteadus.ee\/wp-content\/uploads\/usuteadusline%20ajakiri\/usuteadusline_ajakiri_1936_VIII_vihik_3.pdf\">VIII aastak\u00e4ik Nr 3 (1936)<\/a><br \/>\n<a href=\"https:\/\/usuteadus.ee\/wp-content\/uploads\/usuteadusline%20ajakiri\/usuteadusline_ajakiri_1936_VIII_vihik_4.pdf\">VIII aastak\u00e4ik Nr 4 (1936)<\/a><\/p>\n<p><a href=\"https:\/\/usuteadus.ee\/wp-content\/uploads\/usuteadusline%20ajakiri\/usuteadusline_ajakiri_1937_IX_vihik_1_2.pdf\">IX aastak\u00e4ik. Nr 1\/2 (1937)<\/a><br \/>\n<a href=\"https:\/\/usuteadus.ee\/wp-content\/uploads\/usuteadusline%20ajakiri\/usuteadusline_ajakiri_1937_IX_vihik_3_4.pdf\">IX aastak\u00e4ik. Nr 3\/4 (1937)<\/a><\/p>\n<p><a href=\"https:\/\/usuteadus.ee\/wp-content\/uploads\/usuteadusline%20ajakiri\/usuteadusline_ajakiri_1938_X_vihik_1.pdf\">X aastak\u00e4ik. Nr 1 (1938)<\/a><br \/>\n<a href=\"https:\/\/usuteadus.ee\/wp-content\/uploads\/usuteadusline%20ajakiri\/usuteadusline_ajakiri_1938_X_vihik_2.pdf\">X aastak\u00e4ik. Nr 2 (1938)<\/a><br \/>\n<a href=\"https:\/\/usuteadus.ee\/wp-content\/uploads\/usuteadusline%20ajakiri\/usuteadusline_ajakiri_1938_X_vihik_3_4.pdf\">X aastak\u00e4ik. Nr 3\/4 (1938)<\/a><\/p>\n<p><strong>Usuteaduslik Ajakiri<\/strong><\/p>\n<p><a href=\"https:\/\/usuteadus.ee\/wp-content\/uploads\/usuteadusline%20ajakiri\/usuteaduslik_ajakiri_1939_XI_vihik_1.pdf\">XI aastak\u00e4ik. Nr 1 (1939)<\/a><br \/>\n<a href=\"https:\/\/usuteadus.ee\/wp-content\/uploads\/usuteadusline%20ajakiri\/usuteaduslik_ajakiri_1939_XI_vihik_2.pdf\">XI aastak\u00e4ik. Nr 2 (1939)<\/a><br \/>\n<a href=\"https:\/\/usuteadus.ee\/wp-content\/uploads\/usuteadusline%20ajakiri\/usuteaduslik_ajakiri_1939_XI_vihik_3_4.pdf\">XI aastak\u00e4ik. Nr 3\/4 (1939)<\/a><\/p>\n<p><a href=\"https:\/\/usuteadus.ee\/wp-content\/uploads\/usuteadusline%20ajakiri\/usuteaduslik_ajakiri_1940_XII_vihik_1_2.pdf\">XII aastak\u00e4ik. Nr 1\/2 (1940)<\/a><\/p>\n","protected":false},"excerpt":{"rendered":"<p>Tartu \u00dclikooli raamatukogu on digiteerinud Usuteadusliku Ajakirja eelk\u00e4ija, Usuteaduslise Ajakirja numbrid. Suurema loetavuse ja lihtsama k\u00e4ttesaadavuse huvides avaldame need numbrid ka siin. (Vaata sissejuhatuseks ka Riho Altnurme \u00fclevaadet Usuteadusliku Ajakirja esimesest perioodist numbris 1 &#8211; 2000:\u00a0\u201cUsuteaduslik Ajakiri\u201d 1926 \u2013 1940.) <a class=\"more-link\" href=\"https:\/\/usuteadus.ee\/?page_id=867&#038;lang=et\">Continue reading <span class=\"screen-reader-text\">  Usuteadusline Ajakiri<\/span><span class=\"meta-nav\">&rarr;<\/span><\/a><\/p>\n","protected":false},"author":1,"featured_media":0,"parent":0,"menu_order":0,"comment_status":"closed","ping_status":"closed","template":"","meta":{"footnotes":""},"class_list":["post-867","page","type-page","status-publish","hentry"],"_links":{"self":[{"href":"https:\/\/usuteadus.ee\/index.php?rest_route=\/wp\/v2\/pages\/867","targetHints":{"allow":["GET"]}}],"collection":[{"href":"https:\/\/usuteadus.ee\/index.php?rest_route=\/wp\/v2\/pages"}],"about":[{"href":"https:\/\/usuteadus.ee\/index.php?rest_route=\/wp\/v2\/types\/page"}],"author":[{"embeddable":true,"href":"https:\/\/usuteadus.ee\/index.php?rest_route=\/wp\/v2\/users\/1"}],"replies":[{"embeddable":true,"href":"https:\/\/usuteadus.ee\/index.php?rest_route=%2Fwp%2Fv2%2Fcomments&post=867"}],"version-history":[{"count":11,"href":"https:\/\/usuteadus.ee\/index.php?rest_route=\/wp\/v2\/pages\/867\/revisions"}],"predecessor-version":[{"id":1306,"href":"https:\/\/usuteadus.ee\/index.php?rest_route=\/wp\/v2\/pages\/867\/revisions\/1306"}],"wp:attachment":[{"href":"https:\/\/usuteadus.ee\/index.php?rest_route=%2Fwp%2Fv2%2Fmedia&parent=867"}],"curies":[{"name":"wp","href":"https:\/\/api.w.org\/{rel}","templated":true}]}}