{"id":39,"date":"2014-10-06T22:17:26","date_gmt":"2014-10-06T19:17:26","guid":{"rendered":"https:\/\/usuteadus.ee\/?page_id=39"},"modified":"2026-03-27T14:22:09","modified_gmt":"2026-03-27T12:22:09","slug":"ats","status":"publish","type":"page","link":"https:\/\/usuteadus.ee\/?page_id=39&lang=et","title":{"rendered":"ATS"},"content":{"rendered":"<h3>Seltsi juhatus<\/h3>\n<p>Seltsi juhatuse praegune koosseis valiti 2024. aasta m\u00e4rtsis kolmeks aastaks. Juhatusse kuuluvad:<\/p>\n<p>esimees Urmas N\u00f5mmik<br \/>aseesimees Anu P\u00f5ldsam<br \/>laekur Kaido Soom<br \/>sekret\u00e4r Igor Ahmedov<\/p>\n<p>Seltsi revidendiks valiti Meelis Friendenthal<\/p>\n<h3>Seltsi liikmed<\/h3>\n<p>Seltsi kuuluvad: Igor Ahmedov, Lea Altnurme, Riho Altnurme, Amar Annus, Anne Burghardt, Vallo Ehasalu, Peeter Espak, Meelis Friedenthal, Andres Gross, Eenok Haamer, Helen Haas, Alar Helstein, Arne Hiob, Urmas H\u00f5bepappel, Silja H\u00e4rm, Toomas J\u00fcrgenstein, Ermo J\u00fcrma, Roland Karo, Karin Kallas-P\u00f5der, Margus Kask, Liina Kilemit, Alar Kilp, Jaan Kivistik, Anne Kull, Tarmo Kulmar, Ingmar Kurg, Mare K\u00f5iva, Marju K\u00f5ivupuu, Allan K\u00e4hrik, Henn K\u00e4\u00e4rik, Alar Laats, Jaan Lahe, T\u00f5nu Lehtsaar, Raigo Liiman, Kalmer Marimaa, Ergo Naab, Jaanus Noorm\u00e4gi, Aldar N\u00f5mmik, T\u00f5nis N\u00f5mmik, Urmas N\u00f5mmik, Kaupo Padar, Indrek Peedu, Indrek Pekko, Gustav Peeter Piir, Toivo Pilli, Thomas-Andreas P\u00f5der, Anu P\u00f5ldsam, Tiit P\u00e4dam, Kalle Rebane, Atko Remmel, Meego Remmel, Ain Riistan, Heigo Ritsbek, Priit Rohtmets, Peeter Roosimaa, Ove Sander, Vladimir Sazonov, Andres Saumets, Kaido Soom, Andrei S\u00f5t\u0161ov, Elo S\u00fcld, Meeli Tankler, \u00dcllas Tankler, Randar Tasmuth, Marko Tiitus, Tarmo Toom, Rahel Toomik, Tauri T\u00f6lpt, Aira V\u00f5sa, Tiina V\u00e4hi.<\/p>\n<h3>Seltsi auliikmed<\/h3>\n\n\n<p>Kalle Kasemaa, Toomas Paul <\/p>\n\n\n\n<p><\/p>\n","protected":false},"excerpt":{"rendered":"<p>Seltsi juhatus Seltsi juhatuse praegune koosseis valiti 2024. aasta m\u00e4rtsis kolmeks aastaks. Juhatusse kuuluvad: esimees Urmas N\u00f5mmikaseesimees Anu P\u00f5ldsamlaekur Kaido Soomsekret\u00e4r Igor Ahmedov Seltsi revidendiks valiti Meelis Friendenthal Seltsi liikmed Seltsi kuuluvad: Igor Ahmedov, Lea Altnurme, Riho Altnurme, Amar Annus, <a class=\"more-link\" href=\"https:\/\/usuteadus.ee\/?page_id=39&#038;lang=et\">Continue reading <span class=\"screen-reader-text\">  ATS<\/span><span class=\"meta-nav\">&rarr;<\/span><\/a><\/p>\n","protected":false},"author":1,"featured_media":0,"parent":0,"menu_order":0,"comment_status":"closed","ping_status":"open","template":"","meta":{"footnotes":""},"class_list":["post-39","page","type-page","status-publish","hentry"],"_links":{"self":[{"href":"https:\/\/usuteadus.ee\/index.php?rest_route=\/wp\/v2\/pages\/39","targetHints":{"allow":["GET"]}}],"collection":[{"href":"https:\/\/usuteadus.ee\/index.php?rest_route=\/wp\/v2\/pages"}],"about":[{"href":"https:\/\/usuteadus.ee\/index.php?rest_route=\/wp\/v2\/types\/page"}],"author":[{"embeddable":true,"href":"https:\/\/usuteadus.ee\/index.php?rest_route=\/wp\/v2\/users\/1"}],"replies":[{"embeddable":true,"href":"https:\/\/usuteadus.ee\/index.php?rest_route=%2Fwp%2Fv2%2Fcomments&post=39"}],"version-history":[{"count":24,"href":"https:\/\/usuteadus.ee\/index.php?rest_route=\/wp\/v2\/pages\/39\/revisions"}],"predecessor-version":[{"id":1348,"href":"https:\/\/usuteadus.ee\/index.php?rest_route=\/wp\/v2\/pages\/39\/revisions\/1348"}],"wp:attachment":[{"href":"https:\/\/usuteadus.ee\/index.php?rest_route=%2Fwp%2Fv2%2Fmedia&parent=39"}],"curies":[{"name":"wp","href":"https:\/\/api.w.org\/{rel}","templated":true}]}}