{"id":24,"date":"2014-10-06T22:13:39","date_gmt":"2014-10-06T19:13:39","guid":{"rendered":"https:\/\/usuteadus.ee\/?page_id=24"},"modified":"2024-03-04T18:26:17","modified_gmt":"2024-03-04T16:26:17","slug":"vaitekirjad","status":"publish","type":"page","link":"https:\/\/usuteadus.ee\/?page_id=24&lang=et","title":{"rendered":"Teadust\u00f6\u00f6d"},"content":{"rendered":"<h3>Valik seltsi liikmete teadust\u00f6id:<\/h3>\n<p><strong>Doktorit\u00f6\u00f6de t\u00e4istekstid<\/strong><\/p>\n<p><strong>Haas, Helen<\/strong>,\u00a0<a href=\"https:\/\/dspace.ut.ee\/server\/api\/core\/bitstreams\/b135c399-beee-4fc8-b1f2-60f11eb25287\/content\">Alevis in contemporary Izmir: imaginaries, beliefs and practices regarding Hac\u0131 Bekta\u015f Veli<\/a> \/ [supervisors: Catharina Raudvere, Elo S\u00fcld]; Faculty of Arts and Humanities, School of Theology and Religious Studies, University of Tartu.\u00a0Tartu: University of Tartu Press, 2023<\/p>\n<p><strong>H\u00e4rm, Silja<\/strong>, <a href=\"https:\/\/dspace.ut.ee\/server\/api\/core\/bitstreams\/17b6a427-4612-4cf7-9698-2a9f0405fbfb\/content\">Eesti g\u00fcmnaasiumiastme usundi\u00f5petuse \u00f5petajate professionaalsed valikud usundi\u00f5petuse \u00f5petamisel<\/a> \/ [juhendaja: Olga Schihalejev]; Tartu \u00dclikool, humanitaarteaduste ja kunstide valdkond, usuteaduskond. Tartu: Tartu \u00dclikooli Kirjastus, 2021<\/p>\n<p><strong>Peedu, Indrek<\/strong>, <a href=\"https:\/\/dspace.ut.ee\/bitstream\/handle\/10062\/65569\/peedu_indrek.pdf?sequence=9&amp;isAllowed=y\">Positioning the Scholar: Issues of Epistemology and Methodology in the Evolutionary Study of Religion<\/a> \/ [juhendaja: Roland Karo]; Tartu \u00dclikooli usuteaduskond. Tartu: Tartu \u00dclikooli Kirjastus, c2019<\/p>\n<p><strong>Lepaj\u00f5e, Marju <\/strong>(1962-2019), <a href=\"http:\/\/dspace.ut.ee\/bitstream\/handle\/10062\/59123\/lepajoe_marju.pdf?sequence=1&amp;isAllowed=y\">Pastorid ja kirjakultuur: kristliku humanismi variatsioonidest Eesti ja Liivimaal<\/a> \/ [juhendaja: Anne Kull]; Tartu \u00dclikooli usuteaduskond. Tartu : Tartu \u00dclikooli Kirjastus, c2018<\/p>\n<p><strong>Naab, Ergo,<\/strong> <a href=\"http:\/\/www.etera.ee\/zoom\/32359\/view?page=4&amp;p=separate&amp;tool=info&amp;view=0,0,2067,2834\">\u00dclendamismotiiv ja eshatoloogia presentne aspekt <em>Corpus Paulinum<\/em>\u2019is: religioonilooline ja kultuuriteoreetiline k\u00e4sitlus<\/a> \/ [juhendajad: Jaan Lahe; Randar Tasmuth]: Tallinna \u00dclikool. Tallinn 2017<\/p>\n<p><strong>S\u00fcld, Elo,<\/strong> <a href=\"http:\/\/dspace.utlib.ee\/dspace\/bitstream\/handle\/10062\/42994\/syld_elo.pdf?sequence=1\">Muhammad, der Gesandte Gottes, und Paulus, der Gesandte Christi. Ein Vergleich der Berufungs- und offenbarungsgeschichtlichen Vorstellungen mit Bezug auf die islamische sowie die biblische Tradition<\/a> \/ [juhendajad: Stefan Schreiner, Peeter Roosimaa]; Tartu \u00dclikooli usuteaduskond. Tartu : Tartu \u00dclikooli Kirjastus, c2014<\/p>\n<p><strong>Kilp, Alar,<\/strong>\u00a0<a href=\"http:\/\/dspace.utlib.ee\/dspace\/bitstream\/handle\/10062\/25916\/kilp_alar.pdf?sequence=1\">Church authority in society, culture and politics after communism<\/a> \/ [juhendaja: Rein Taagepera]; Institute of Government and Politics, Faculty of Social Sciences and Education, University of Tartu. Tartu : Tartu University Press, c2012<\/p>\n<p><strong>Rohtmets, Priit,\u00a0<\/strong> <a href=\"http:\/\/dspace.utlib.ee\/dspace\/bitstream\/handle\/10062\/25470\/rohtmets_priit.pdf?sequence=1\">Teoloogilised voolud Eesti evangeeliumi Luteri usu kirikus aastatel 1917\u20131934 <\/a>\/ [juhendaja: Riho Altnurme]; Tartu \u00dclikooli usuteaduskond. Tartu : Tartu \u00dclikooli Kirjastus, c2012<\/p>\n<p><strong>P\u00f5ldsam, \u00a0Anu,<\/strong> \u00a0<a href=\"http:\/\/dspace.ut.ee\/bitstream\/handle\/10062\/18748\/p6ldsam_anu.pdf?sequence=1&amp;isAllowed=y\">Lazar Gulkowitsch &#8211; eine vergessene Stimme der Wissenschaft des Judentums : seine T\u00e4tigkeit, sein Werk und seine Wirkung im zeitgeschichtlichen Kontext <\/a>\/ [juhendaja: Kalle Kasemaa]; Tartu \u00dclikooli usuteaduskond. Tartu : Tartu \u00dclikooli Kirjastus, c2011<\/p>\n<p><strong>Remmel, Atko, <\/strong><a href=\"http:\/\/dspace.utlib.ee\/dspace\/bitstream\/handle\/10062\/18101\/remmel_atko.pdf?sequence=4\">Religioonivastane v\u00f5itlus Eesti NSV-s aastail 1957\u20131990. T\u00e4htsamad institutsioonid ja nende tegevus<\/a> [juhendaja: Riho Altnurme]; Tartu \u00dclikooli usuteaduskond. Tartu : Tartu \u00dclikooli Kirjastus, c2011<\/p>\n<p><strong>Ringvee, Ringo, <\/strong><a href=\"http:\/\/dspace.utlib.ee\/dspace\/bitstream\/handle\/10062\/17525\/ringvee_ringo.pdf?sequence=1\">Riik ja religioon n\u00f5ukogudej\u00e4rgses Eestis 1991\u20132008 <\/a>\/ [juhendajad: Tarmo Kulmar, Riho Altnurme]; Tartu \u00dclikooli usuteaduskond. Tartu : Tartu \u00dclikooli Kirjastus, c2011<\/p>\n<p><strong>Riistan, Ain, <\/strong><a href=\"http:\/\/dspace.utlib.ee\/dspace\/bitstream\/handle\/10062\/17451\/riistan_ain.pdf?sequence=1\">Ajalooline Jeesus : teaduse probleem religiooni kontekstis <\/a>\/ [juhendajad: Anne Kull, Peeter Torop]; Tartu \u00dclikooli usuteaduskond. Tartu : Tartu \u00dclikooli Kirjastus, c2011<\/p>\n<p><strong>Espak, Peeter,<\/strong> <a href=\"http:\/\/dspace.utlib.ee\/dspace\/bitstream\/handle\/10062\/15915\/espak_peeter.pdf?sequence=1\">The god Enki in Sumerian royal ideology and mythology <\/a>\/ [juhendajad: Thomas Richard K\u00e4mmerer, Tarmo Kulmar]; Tartu \u00dclikooli usuteaduskond. Tartu : Tartu University Press, c2010<\/p>\n<p><strong>Kurg, Ingmar, <\/strong><a href=\"http:\/\/dspace.utlib.ee\/dspace\/bitstream\/10062\/14714\/1\/kurg_ingmar.pdf\">Oikumeenilise evangelisatsiooni perspektiiv Euroopa kontekstis: missioloogiline ja religioonisotsioloogiline uurimus <\/a>\/ [juhendajad: Alar Laats, Urmas Petti] ; Tartu \u00dclikooli usuteaduskond. Tartu : Tartu \u00dclikooli Kirjastus, c2010<\/p>\n<p><strong>Karo, Roland, <\/strong><a href=\"http:\/\/dspace.utlib.ee\/dspace\/bitstream\/10062\/11012\/1\/karo_roland.pdf\">Eros &amp; mysticism : are mystical states of consciousness evolutionary byproducts of sexual response?<\/a> \/ [juhendaja: Anne Kull]; Tartu \u00dclikooli usuteaduskond. Tartu : Tartu University Press, c2009<\/p>\n<p><strong>Friendenthal, Meelis, <\/strong><a href=\"http:\/\/dspace.utlib.ee\/dspace\/bitstream\/10062\/6712\/1\/friedenthal-meelis.pdf\">Tallinna Linnaarhiivi Tractatus moralis de oculo <\/a><strong>\/ <\/strong>[juhendaja: Urmas Petti]; Tartu \u00dclikooli usuteaduskond. Tartu : Tartu \u00dclikooli Kirjastus, c2008<\/p>\n<p><strong>S\u00f5t\u0161ov, Andrei, <\/strong><a href=\"http:\/\/dspace.utlib.ee\/dspace\/bitstream\/handle\/10062\/6990\/sotsovandrei.pdf?sequence=1\">Eesti \u00d5igeusu piiskopkond n\u00f5ukogude religioonipoliitika m\u00f5juv\u00e4ljas 1954-1964 <\/a>\/ [juhendaja: Riho Altnurme]; Tartu \u00dclikooli usuteaduskond. Tartu : Tartu \u00dclikooli Kirjastus, c2008<\/p>\n<p><strong>Soom, Kaido,<\/strong> <a href=\"http:\/\/dspace.utlib.ee\/dspace\/bitstream\/10062\/4077\/1\/soom_kaido.pdf\">T\u00e4iskasvanute leerit\u00f6\u00f6 Eesti Evangeelses Luterlikus Kirikus ja selle arengustrateegia koostamine <\/a>\/ [juhendaja: T\u00f5nu Lehtsaar]; Tartu \u00dclikooli usuteaduskond. Tartu : Tartu \u00dclikooli Kirjastus, c2007<\/p>\n<p><strong>V\u00f5sa, Aira, <\/strong><a href=\"http:\/\/dspace.utlib.ee\/dspace\/bitstream\/10062\/130\/1\/vosaaira.pdf\">Johann Georg Gichtel &#8211; teosoofilise idee kandja varauusaegses Euroopas <\/a>\/\u00a0[juhendaja: Urmas Petti]; Tartu \u00dclikooli usuteaduskond. Tartu : Tartu \u00dclikooli Kirjastus, c2006<\/p>\n<p><strong>Altnurme, Lea, <\/strong><a href=\"http:\/\/dspace.utlib.ee\/dspace\/bitstream\/handle\/10062\/11017\/altnurmelea.pdf?sequence=1\">Kristlusest oma usuni : uurimus muutustest eestlaste religioossuses 20. sajandi II poolel<\/a> <strong>\/\u00a0<\/strong>[juhendaja: Tarmo Kulmar]; Tartu \u00dclikooli usuteaduskond<strong>. <\/strong>Tartu : Tartu \u00dclikooli Kirjastus, c2005<\/p>\n<p><strong>N\u00f5mmik, T\u00f5nis,\u00a0<\/strong><a href=\"http:\/\/dspace.utlib.ee\/dspace\/bitstream\/handle\/10062\/1233\/n6mmik.pdf?sequence=5\">Vaimulikud kaitsej\u00f5ududes : Eesti kaitsev\u00e4e kaplaniteenistus ja selle eellugu <\/a><strong>\/\u00a0<\/strong>[juhendaja: Tarmo Kulmar]; Kaitsev\u00e4e \u00dchendatud \u00d5ppeasutused<strong>.\u00a0<\/strong>Tartu : Kaitsev\u00e4e \u00dchendatud \u00d5ppeasutused, 2005<\/p>\n<p><strong>Pilli, Einike, <\/strong><a href=\"http:\/\/dspace.utlib.ee\/dspace\/bitstream\/handle\/10062\/1353\/pilli.pdf?sequence=5\">Terviklik elukestva \u00f5ppe kontseptsioon Eesti protestantlike koguduste kontekstis <\/a>\/\u00a0[juhendaja: T\u00f5nu Lehtsaar]; Tartu \u00dclikooli usuteaduskond. Tartu : Tartu \u00dclikooli Kirjastus, c2005.<\/p>\n<p><strong>Sander, Ove,<\/strong>\u00a0<a href=\"http:\/\/e-ait.tlulib.ee\/112\/1\/sander_ove2.pdf\">Jutlus kui argumentatiivne diskursus: informaal-loogiline aspekt: anal\u00fc\u00fctiline \u00fclevaade <\/a>\/ [juhendaja: Mart Raukas]; Tallinna \u00dclikool, filosoofia osakond, sotsiaalteaduskond. Tallinn: TL\u00dc Kirjastus, c2005<\/p>\n<p><strong>Roosimaa, Peeter, <\/strong><a href=\"http:\/\/dspace.utlib.ee\/dspace\/bitstream\/handle\/10062\/641\/roosimaa.pdf?sequence=5\">Uue Testamendi eestikeelsetest t\u00f5lgetest ja t\u00f5lkimist toetavast\u00a0eksegeesist <\/a>\/[juhendajad: Toomas Paul, Anne Kull]; Tartu \u00dclikooli usuteaduskond. Tartu : Tartu \u00dclikooli Kirjastus, c2004.<\/p>\n<p><strong>Hiob, Arne,<\/strong>\u00a0<a href=\"http:\/\/dspace.utlib.ee\/dspace\/bitstream\/handle\/10062\/42186\/hiob_uku_2000_ocr.pdf?sequence=1\" target=\"_blank\" rel=\"noopener noreferrer\">Uku Masingu religioonifilosoofia p\u00f5hijooned<\/a> \/ [juhendaja: Alar Laats]. Tartu \u00dclikooli usuteaduskond. Tartu : Tartu \u00dclikooli Kirjastus, c2000.<\/p>\n<p><strong>Magistrit\u00f6\u00f6de t\u00e4istekstid (teadusmagister)<\/strong><\/p>\n<p><strong>Pappel, Urmas, <\/strong><a href=\"http:\/\/dspace.utlib.ee\/dspace\/bitstream\/10062\/6623\/2\/pappel_urmas_ma.pdf\">Usuvabadus Hiina kultuuriruumis: riik ja usulised organisatsioonid : magistrit\u00f6\u00f6 <\/a>\/ [juhendajad: Tarmo Kulmar, Linnart M\u00e4ll]; Tartu \u00dclikool, usuteaduskond, v\u00f5rdleva usuteaduse \u00f5ppetool. Tartu : Tartu \u00dclikool, 2008. (<a href=\"http:\/\/dspace.utlib.ee\/dspace\/bitstream\/10062\/6623\/1\/pappel_urmas_tiitelleht.pdf\">Tiitellehele ja sisukorrale on eraldi viit siin<\/a>)<\/p>\n<p><strong>Rohtmets, Priit, <\/strong><a href=\"http:\/\/dspace.utlib.ee\/dspace\/bitstream\/10062\/874\/5\/rohtmetspriit.pdf\">Eesti Evangeeliumi Luteri Usu Kiriku v\u00e4lissuhted aastatel 1919-1940 <\/a>\/ [juhendaja: Riho Altnurme]; Tartu \u00dclikool, usuteaduskond, kirikuloo \u00f5ppetool. Tartu : Tartu \u00dclikool, 2006.<\/p>\n<p><strong>S\u00fcld, Elo, <\/strong><a href=\"http:\/\/dspace.utlib.ee\/dspace\/bitstream\/10062\/1082\/5\/suldelo.pdf\">Pauluse antropoloogia: loomise katkemine ja t\u00e4itumine\u00a0<\/a> \/ [juhendaja: Peeter Roosimaa]; Tartu \u00dclikool, usuteaduskond. Tartu : Tartu \u00dclikool, 2006.<\/p>\n<p><strong>Karo, Roland, <\/strong><a href=\"http:\/\/dspace.utlib.ee\/dspace\/bitstream\/handle\/10062\/1033\/karo.pdf?sequence=5\">Neuroteoloogia: Newberg-d&#8217;Aquili h\u00fcpotees teoloogi vaatevinklist : magistrit\u00f6\u00f6 <\/a>\/\u00a0[ juhendaja: Anne Kull]; Tartu \u00dclikooli usuteaduskond. Tartu : Tartu \u00dclikool, 2005.<\/p>\n<p><strong>Lahe, Jaan,\u00a0 <\/strong><a href=\"http:\/\/dspace.utlib.ee\/dspace\/bitstream\/handle\/10062\/1111\/Lahe.pdf?sequence=5\">Die Ber\u00fchrungspunkte zwischen Gnosis und Judentum und ihre Widerspiegelungen in den authentischen Briefen des Paulus : Magisterarbeit <\/a>\/\u00a0[Studienleiter: Randar Tasmuth]; Universit\u00e4t Tartu, Theologische Fakult\u00e4t, Lehrstuhl f\u00fcr neutestamentliche Wissenschaft und Griechisch. Tartu : Tartu \u00dclikool, 2004.<\/p>\n<p><strong>Kilp, Alar<\/strong>,\u00a0<a href=\"http:\/\/dspace.utlib.ee\/dspace\/bitstream\/handle\/10062\/34032\/kilp_ma_2002.pdf?sequence=1\">\u00a0Religion enters politics: the process of politicization of religious issues in four post-communist countries<\/a>\u00a0\/\u00a0[Advisor: Evald Mikkel]; Tartu 2002.<\/p>\n<p>M\u00e4rkus: enamus \u00fclalolevaid\u00a0t\u00f6id on lingitud T\u00dc raamatukogu kodulekek\u00fcljelt, kus on \u00fclal ka teisi teoloogia alaseid v\u00e4itekirju. [<a href=\"http:\/\/dspace.utlib.ee\/dspace\/handle\/10062\/1\">Vaatamiseks kliki siin<\/a>]<\/p>\n<h3>\u00dcli\u00f5pilast\u00f6\u00f6d:<\/h3>\n<p>Siinkohal pakume lugemiseks paremaid ja huvipakkuvamaid \u00fcli\u00f5pilast\u00f6id. K\u00f5ik avaldatud t\u00f6\u00f6d on toimetuse poolt l\u00e4bi vaadatud ja heaks kiidetud.<\/p>\n<p>Kristel Neitsov. <a href=\"https:\/\/usuteadus.ee\/failid\/VARIA\/Neitsov_t.pdf\">Oh Jeesus, sinu valu.<\/a><\/p>\n","protected":false},"excerpt":{"rendered":"<p>Valik seltsi liikmete teadust\u00f6id: Doktorit\u00f6\u00f6de t\u00e4istekstid Haas, Helen,\u00a0Alevis in contemporary Izmir: imaginaries, beliefs and practices regarding Hac\u0131 Bekta\u015f Veli \/ [supervisors: Catharina Raudvere, Elo S\u00fcld]; Faculty of Arts and Humanities, School of Theology and Religious Studies, University of Tartu.\u00a0Tartu: University <a class=\"more-link\" href=\"https:\/\/usuteadus.ee\/?page_id=24&#038;lang=et\">Continue reading <span class=\"screen-reader-text\">  Teadust\u00f6\u00f6d<\/span><span class=\"meta-nav\">&rarr;<\/span><\/a><\/p>\n","protected":false},"author":1,"featured_media":0,"parent":0,"menu_order":0,"comment_status":"closed","ping_status":"open","template":"","meta":{"footnotes":""},"class_list":["post-24","page","type-page","status-publish","hentry"],"_links":{"self":[{"href":"https:\/\/usuteadus.ee\/index.php?rest_route=\/wp\/v2\/pages\/24","targetHints":{"allow":["GET"]}}],"collection":[{"href":"https:\/\/usuteadus.ee\/index.php?rest_route=\/wp\/v2\/pages"}],"about":[{"href":"https:\/\/usuteadus.ee\/index.php?rest_route=\/wp\/v2\/types\/page"}],"author":[{"embeddable":true,"href":"https:\/\/usuteadus.ee\/index.php?rest_route=\/wp\/v2\/users\/1"}],"replies":[{"embeddable":true,"href":"https:\/\/usuteadus.ee\/index.php?rest_route=%2Fwp%2Fv2%2Fcomments&post=24"}],"version-history":[{"count":22,"href":"https:\/\/usuteadus.ee\/index.php?rest_route=\/wp\/v2\/pages\/24\/revisions"}],"predecessor-version":[{"id":1319,"href":"https:\/\/usuteadus.ee\/index.php?rest_route=\/wp\/v2\/pages\/24\/revisions\/1319"}],"wp:attachment":[{"href":"https:\/\/usuteadus.ee\/index.php?rest_route=%2Fwp%2Fv2%2Fmedia&parent=24"}],"curies":[{"name":"wp","href":"https:\/\/api.w.org\/{rel}","templated":true}]}}