{"id":21,"date":"2014-10-06T22:13:30","date_gmt":"2014-10-06T19:13:30","guid":{"rendered":"https:\/\/usuteadus.ee\/?page_id=21"},"modified":"2024-05-21T13:19:03","modified_gmt":"2024-05-21T10:19:03","slug":"ajakirjad","status":"publish","type":"page","link":"https:\/\/usuteadus.ee\/?page_id=21&lang=et","title":{"rendered":"Ajakiri"},"content":{"rendered":"<p><a href=\"https:\/\/ojs.utlib.ee\/index.php\/UA\/\">Usuteaduslik Ajakiri<\/a> on rahvusvahelise toimetuskolleegiumiga eelretsenseeritav teadusajakiri, mis avaldab teoloogia ja religiooniuuringutega seotud teemasid k\u00e4sitlevaid artikleid. Samuti on teretulnud kaast\u00f6\u00f6d, mis polemiseerivad m\u00f5ne ajakirjas juba ilmunud artikli seisukohtadega. Kaast\u00f6\u00f6de saatmiseks, samuti ajakirja puudutavates sisulistes ja formaalsetes k\u00fcsimustes palun saata e-kiri aadressile <a href=\"mailto:usuteaduslik.ajakiri@gmail.com\">usuteaduslik.ajakiri@gmail.com<\/a>\u00a0v\u00f5i kiri aadressil:<\/p>\n<p>Usuteaduslik Ajakiri<br \/>\nAkadeemiline Teoloogia Selts<br \/>\n\u00dclikooli 18-310<br \/>\n51014 Tartu<\/p>\n<p><strong>Toimetuse kolleegium:<\/strong><\/p>\n<p>Peatoimetaja: <a href=\"mailto: roland.karo@ut.ee\">Roland Karo<\/a><br \/>\nTegevtoimetaja: <a href=\"mailto:%20usuteaduslik.ajakiri@gmail.com\">Helen Haas<\/a><br \/>\nLiikmed: Milda Ali\u0161auskiene (Leedu), Riho Altnurme, Audrius Beinorius (Leedu) Dirk Evers (Saksamaa), Tarmo Kulmar, Ingmar Kurg, Agita Misane (L\u00e4ti) Lluis Ovideo (Itaalia), Anita Stasulane (L\u00e4ti), Thomas-Andreas P\u00f5der, Ain Riistan<\/p>\n<p>Arveldusarve: Swedbank EE042200221014450360<br \/>\nS.W.I.F.T. HABA EE2X<\/p>\n","protected":false},"excerpt":{"rendered":"<p>Usuteaduslik Ajakiri on rahvusvahelise toimetuskolleegiumiga eelretsenseeritav teadusajakiri, mis avaldab teoloogia ja religiooniuuringutega seotud teemasid k\u00e4sitlevaid artikleid. Samuti on teretulnud kaast\u00f6\u00f6d, mis polemiseerivad m\u00f5ne ajakirjas juba ilmunud artikli seisukohtadega. Kaast\u00f6\u00f6de saatmiseks, samuti ajakirja puudutavates sisulistes ja formaalsetes k\u00fcsimustes palun saata e-kiri <a class=\"more-link\" href=\"https:\/\/usuteadus.ee\/?page_id=21&#038;lang=et\">Continue reading <span class=\"screen-reader-text\">  Ajakiri<\/span><span class=\"meta-nav\">&rarr;<\/span><\/a><\/p>\n","protected":false},"author":1,"featured_media":0,"parent":0,"menu_order":0,"comment_status":"closed","ping_status":"open","template":"","meta":{"footnotes":""},"class_list":["post-21","page","type-page","status-publish","hentry"],"_links":{"self":[{"href":"https:\/\/usuteadus.ee\/index.php?rest_route=\/wp\/v2\/pages\/21","targetHints":{"allow":["GET"]}}],"collection":[{"href":"https:\/\/usuteadus.ee\/index.php?rest_route=\/wp\/v2\/pages"}],"about":[{"href":"https:\/\/usuteadus.ee\/index.php?rest_route=\/wp\/v2\/types\/page"}],"author":[{"embeddable":true,"href":"https:\/\/usuteadus.ee\/index.php?rest_route=\/wp\/v2\/users\/1"}],"replies":[{"embeddable":true,"href":"https:\/\/usuteadus.ee\/index.php?rest_route=%2Fwp%2Fv2%2Fcomments&post=21"}],"version-history":[{"count":27,"href":"https:\/\/usuteadus.ee\/index.php?rest_route=\/wp\/v2\/pages\/21\/revisions"}],"predecessor-version":[{"id":1342,"href":"https:\/\/usuteadus.ee\/index.php?rest_route=\/wp\/v2\/pages\/21\/revisions\/1342"}],"wp:attachment":[{"href":"https:\/\/usuteadus.ee\/index.php?rest_route=%2Fwp%2Fv2%2Fmedia&parent=21"}],"curies":[{"name":"wp","href":"https:\/\/api.w.org\/{rel}","templated":true}]}}