{"id":178,"date":"2015-01-01T01:52:18","date_gmt":"2014-12-31T23:52:18","guid":{"rendered":"https:\/\/usuteadus.ee\/?page_id=178"},"modified":"2015-01-30T00:36:03","modified_gmt":"2015-01-29T22:36:03","slug":"nr-1-2005-54","status":"publish","type":"page","link":"https:\/\/usuteadus.ee\/?page_id=178&lang=et","title":{"rendered":"Nr 1 &#8211; 2005 (54)"},"content":{"rendered":"<h4>Akadeemilise Teoloogia Seltsi erinumber<\/h4>\n<p>Tiitel<\/p>\n<p>Abstracts<\/p>\n<p><strong>Siret Rutiku<\/strong><br \/>\nSaateks<\/p>\n<p><strong>K\u00fclli Kuusk<\/strong><br \/>\n<a href=\"https:\/\/usuteadus.ee\/wp-content\/uploads\/2005 (54)\/Kuusk.pdf\">Kust tuleb meile \u00f5nnistus?<\/a><\/p>\n<p><strong>Marju Lepaj\u00f5e<\/strong><br \/>\n<a href=\"https:\/\/usuteadus.ee\/wp-content\/uploads\/2005 (54)\/Lepajoe.pdf\">Theos Plotinosel<\/a><\/p>\n<p><strong>Tarmo Lilleoja<\/strong><br \/>\n<a href=\"https:\/\/usuteadus.ee\/wp-content\/uploads\/2005 (54)\/Lilleoja.pdf\">T\u00f5lkep\u00f5hisest terminikorraldusest<\/a><\/p>\n<p><strong>Peeter Paenurm<\/strong><br \/>\n<a href=\"https:\/\/usuteadus.ee\/wp-content\/uploads\/2005 (54)\/Paenurm.pdf\">EELK liturgilise komisjoni tegevus 1991-2005<\/a><\/p>\n<p><strong>Toomas Paul<\/strong><br \/>\n<a href=\"https:\/\/usuteadus.ee\/wp-content\/uploads\/2005 (54)\/Paul.pdf\">Vabadus kreeka ja eesti keeles<\/a><\/p>\n<p><strong>Ain Riistan<\/strong><br \/>\n<a href=\"https:\/\/usuteadus.ee\/wp-content\/uploads\/2005 (54)\/Riistan.pdf\">Usu keele modelleerimisest<\/a><\/p>\n","protected":false},"excerpt":{"rendered":"<p>Akadeemilise Teoloogia Seltsi erinumber Tiitel Abstracts Siret Rutiku Saateks K\u00fclli Kuusk Kust tuleb meile \u00f5nnistus? Marju Lepaj\u00f5e Theos Plotinosel Tarmo Lilleoja T\u00f5lkep\u00f5hisest terminikorraldusest Peeter Paenurm EELK liturgilise komisjoni tegevus 1991-2005 Toomas Paul Vabadus kreeka ja eesti keeles Ain Riistan Usu <a class=\"more-link\" href=\"https:\/\/usuteadus.ee\/?page_id=178&#038;lang=et\">Continue reading <span class=\"screen-reader-text\">  Nr 1 &#8211; 2005 (54)<\/span><span class=\"meta-nav\">&rarr;<\/span><\/a><\/p>\n","protected":false},"author":1,"featured_media":0,"parent":0,"menu_order":0,"comment_status":"closed","ping_status":"closed","template":"","meta":{"footnotes":""},"class_list":["post-178","page","type-page","status-publish","hentry"],"_links":{"self":[{"href":"https:\/\/usuteadus.ee\/index.php?rest_route=\/wp\/v2\/pages\/178","targetHints":{"allow":["GET"]}}],"collection":[{"href":"https:\/\/usuteadus.ee\/index.php?rest_route=\/wp\/v2\/pages"}],"about":[{"href":"https:\/\/usuteadus.ee\/index.php?rest_route=\/wp\/v2\/types\/page"}],"author":[{"embeddable":true,"href":"https:\/\/usuteadus.ee\/index.php?rest_route=\/wp\/v2\/users\/1"}],"replies":[{"embeddable":true,"href":"https:\/\/usuteadus.ee\/index.php?rest_route=%2Fwp%2Fv2%2Fcomments&post=178"}],"version-history":[{"count":5,"href":"https:\/\/usuteadus.ee\/index.php?rest_route=\/wp\/v2\/pages\/178\/revisions"}],"predecessor-version":[{"id":582,"href":"https:\/\/usuteadus.ee\/index.php?rest_route=\/wp\/v2\/pages\/178\/revisions\/582"}],"wp:attachment":[{"href":"https:\/\/usuteadus.ee\/index.php?rest_route=%2Fwp%2Fv2%2Fmedia&parent=178"}],"curies":[{"name":"wp","href":"https:\/\/api.w.org\/{rel}","templated":true}]}}