{"id":132,"date":"2015-01-01T00:58:44","date_gmt":"2014-12-31T22:58:44","guid":{"rendered":"https:\/\/usuteadus.ee\/?page_id=132"},"modified":"2026-03-24T14:15:19","modified_gmt":"2026-03-24T12:15:19","slug":"132-2","status":"publish","type":"page","link":"https:\/\/usuteadus.ee\/?page_id=132&lang=et","title":{"rendered":""},"content":{"rendered":"<p><img loading=\"lazy\" decoding=\"async\" src=\"https:\/\/usuteadus.ee\/wp-content\/uploads\/meedia\/image.jpg\" alt=\"image\" width=\"900\" height=\"326\" \/><\/p>\n<p>Eesti AKADEEMILINE TEOLOOGIA SELTS taastati 3. m\u00e4rtsil 1999. aastal, mil 1993. aastal asutatud ja Tartu \u00dclikooli usuteaduskonna \u00f5ppej\u00f5ududest koosnenud Tartu \u00dclikooli Teoloogia Fond otsustas anda organisatsioonile t\u00e4iesti uue sisu ja vormi. Esimene \u00fcldkoosolek leidis aset 16. novembril 1999. aastal Tartu \u00dclikooli peahoone auditooriumis 226.<\/p>\n<p>Selts on v\u00e4hemalt teoloogiamagistri kraadi omavate isikute vabatahtlik mittetulunduslik \u00fchendus, mille tegevuse eesm\u00e4rgiks on evangeelse teoloogia arendamine, k\u00f5rgema evangeelse teoloogilise hariduse toetamine ning teoloogia\u00fcli\u00f5pilaste kultuuritegevuse edendamine.<\/p>\n<p>Seltsi praeguseks p\u00f5hitegevuseks on Usuteadusliku Ajakirja v\u00e4ljaandmine. Seltsi ellu kuulub lahutamatu osana aastakoosolek, kus kasvavat t\u00e4htsust omandab teoloogiliste ettekannete pidamine ja nendele j\u00e4rgnevad arutlused. Aastakoosolekud toimuvad kordam\u00f6\u00f6da teoloogiat \u00f5petavates Eesti k\u00f5rgkoolides, kuid \u00fcleaastati Tartus ja Tallinnas.<\/p>\n<p>Seltsil on oma meililist, mis on siiski kinnine ja m\u00f5eldud liikmete sisekasutuseks. K\u00e4esoleva kodulehek\u00fclje kaudu soovime tuua avalikkuse ette Seltsi tegevuse need aspektid, mis omavad laiemat k\u00f5lapinda.<\/p>\n<div class=\"statcounter\"><a title=\"site stats\" href=\"http:\/\/statcounter.com\/free-web-stats\/\" target=\"_blank\" rel=\"noopener noreferrer\"><img decoding=\"async\" class=\"statcounter\" src=\"http:\/\/c.statcounter.com\/10211952\/0\/f1d3420b\/0\/\" alt=\"site stats\" \/><\/a><\/div>\n<p><!-- End of StatCounter Code for Default Guide --><\/p>\n","protected":false},"excerpt":{"rendered":"<p>Eesti AKADEEMILINE TEOLOOGIA SELTS taastati 3. m\u00e4rtsil 1999. aastal, mil 1993. aastal asutatud ja Tartu \u00dclikooli usuteaduskonna \u00f5ppej\u00f5ududest koosnenud Tartu \u00dclikooli Teoloogia Fond otsustas anda organisatsioonile t\u00e4iesti uue sisu ja vormi. Esimene \u00fcldkoosolek leidis aset 16. novembril 1999. aastal Tartu <a class=\"more-link\" href=\"https:\/\/usuteadus.ee\/?page_id=132&#038;lang=et\">Continue reading <span class=\"screen-reader-text\">  <\/span><span class=\"meta-nav\">&rarr;<\/span><\/a><\/p>\n","protected":false},"author":1,"featured_media":0,"parent":0,"menu_order":0,"comment_status":"closed","ping_status":"closed","template":"","meta":{"footnotes":""},"class_list":["post-132","page","type-page","status-publish","hentry"],"_links":{"self":[{"href":"https:\/\/usuteadus.ee\/index.php?rest_route=\/wp\/v2\/pages\/132","targetHints":{"allow":["GET"]}}],"collection":[{"href":"https:\/\/usuteadus.ee\/index.php?rest_route=\/wp\/v2\/pages"}],"about":[{"href":"https:\/\/usuteadus.ee\/index.php?rest_route=\/wp\/v2\/types\/page"}],"author":[{"embeddable":true,"href":"https:\/\/usuteadus.ee\/index.php?rest_route=\/wp\/v2\/users\/1"}],"replies":[{"embeddable":true,"href":"https:\/\/usuteadus.ee\/index.php?rest_route=%2Fwp%2Fv2%2Fcomments&post=132"}],"version-history":[{"count":25,"href":"https:\/\/usuteadus.ee\/index.php?rest_route=\/wp\/v2\/pages\/132\/revisions"}],"predecessor-version":[{"id":1346,"href":"https:\/\/usuteadus.ee\/index.php?rest_route=\/wp\/v2\/pages\/132\/revisions\/1346"}],"wp:attachment":[{"href":"https:\/\/usuteadus.ee\/index.php?rest_route=%2Fwp%2Fv2%2Fmedia&parent=132"}],"curies":[{"name":"wp","href":"https:\/\/api.w.org\/{rel}","templated":true}]}}