{"id":1316,"date":"2024-03-04T18:13:21","date_gmt":"2024-03-04T16:13:21","guid":{"rendered":"https:\/\/usuteadus.ee\/?page_id=1316"},"modified":"2024-03-04T18:32:26","modified_gmt":"2024-03-04T16:32:26","slug":"ats-pohikiri","status":"publish","type":"page","link":"https:\/\/usuteadus.ee\/?page_id=1316&lang=et","title":{"rendered":"ATSi p\u00f5hikiri"},"content":{"rendered":"\n<p>Muudetud Seltsi \u00fcldkoosoleku otsusega 11. mail 2021<\/p>\n\n\n\n<p>MITTETULUNDUS\u00dcHINGU AKADEEMILINE TEOLOOGIA SELTS <br>P\u00d5HIKIRI<\/p>\n\n\n\n<h3 class=\"wp-block-heading\">I. \u00dclds\u00e4tted<\/h3>\n\n\n\n<p>1.1. Mittetulundus\u00fchingu nimi on Akadeemiline Teoloogia Selts.<br>1.2. Mittetulundus\u00fchingu Akadeemiline Teoloogia Selts (edaspidi nimetatud Selts) asukoht on Tartu, Eesti Vabariik; Selts on era\u00f5iguslik juriidiline isik. <br>1.3. Selts on isikute vabatahtlik mittetulunduslik \u00fchendus, mille tegevuse eesm\u00e4rgiks on Tartu \u00dclikooli usuteaduskonnas k\u00f5rgema evangeelse teoloogilise hariduse toetamine, evangeelse teoloogiateaduse arendamise ning teaduskonna \u00fcli\u00f5pilaste kultuuritegevuse edendamine. <br>1.4. Eesm\u00e4rkide saavutamiseks Selts: <br>1.4.1. korraldab t\u00e4iend\u00f5pet, seminare, kursusi, konverentse; <br>1.4.2. asutab stipendiume; <br>1.4.3. korraldab kirjastustegevust; <br>1.4.4. teeb muid toiminguid, mis on suunatud p\u00f5hikirjaliste eesm\u00e4rkide saavutmiseks.<\/p>\n\n\n\n<h3 class=\"wp-block-heading\">II. Seltsi liikmed<\/h3>\n\n\n\n<p>2.1. Seltsi liikmeks v\u00f5ib olla iga f\u00fc\u00fcsiline v\u00f5i juriidiline isik, kes vastab seaduse ja p\u00f5hikirja n\u00f5uetele. <br>2.2. Seltsi liikmeks v\u00f5ivad astuda f\u00fc\u00fcsilised ja juriidilised isikud, kes soovivad kaasa aidata Seltsi p\u00f5hikirjaliste eesm\u00e4rkide saavutamisele. <br>2.3. Liikmeks vastuv\u00f5tmise otsustab Seltsi juhatus liikmeks astuda soovija kirjaliku avalduse alusel. <br>2.4. Liikmetel on \u00f5igus: <br>2.4.1. osaleda \u00fcldkoosolekul ja seal h\u00e4\u00e4letada; <br>2.4.2. olla valitud Seltsi juht- ja kontrollorganitesse; <br>2.4.3. v\u00f5tta osa Seltsi poolt korraldatud \u00fcritustest ning muul viisil osaleda Seltsi tegevuses; <br>2.4.4. astuda kirjaliku avalduse alusel Seltsist v\u00e4lja. <br>2.5. Liikmed on kohustatud: <br>2.5.1. j\u00e4rgima p\u00f5hikirja s\u00e4tteid; <br>2.5.2. tasuma kehtestatud korras liikmemaksu; <br>2.5.3 j\u00e4rgima Seltsi organite otsuseid. <br>2.6 Liikme v\u00f5ib Seltsist v\u00e4lja arvata juhul, kui: <br>2.6.1. isik ei vasta p\u00f5hikirjas s\u00e4testatule; <br>2 6.2. isik ei ole tasunud kahe (2) kalendriaasta jooksul liikmemaksu; <br>2.6.3. isik rikub p\u00f5hikirjas s\u00e4testatut; <br>2.6.4. isik kahjustab olulisel m\u00e4\u00e4ral Seltsi. <br>2.7. Liikme v\u00f5ib Seltsist v\u00e4lja arvata juhatuse otsusega. Seltsist v\u00e4lja arvatud liikmele tuleb tema v\u00e4ljaarvamise otsuse tegemisest ja selle p\u00f5hjustest kirjalikult viivitamatult teatada. <br>2.8. Liige v\u00f5ib n\u00f5uda v\u00e4ljaarvamise otsustamist \u00fcldkoosoleku poolt.<\/p>\n\n\n\n<h3 class=\"wp-block-heading\">III. Seltsi struktuur ja juhtimine<\/h3>\n\n\n\n<p>3.1. Seltsi k\u00f5rgeimaks organiks on \u00fcldkoosolek. <br>3.2. \u00dcldkoosoleku p\u00e4devuses on: <br>3.2.1. p\u00f5hikirja muutmine; <br>3.2.2. juhatuse liikmete arvu m\u00e4\u00e4ramine, juhatuse liikmete valimine ja tagasikutsumine ning nende volituste t\u00e4htaja m\u00e4\u00e4ramine; <br>3.2.3. juhatuse liikmega tehingu tegemise v\u00f5i tema vastu n\u00f5ude esitamise otsustamine ja selles tehingus v\u00f5i n\u00f5udes Seltsi esindaja m\u00e4\u00e4ramine; <br>3.2.4. sisseastumis- ja liikmemaksu suuruse ja tasumise korra kehtestamine; <br>3.2.5. Seltsi eesm\u00e4rgi muutmine; <br>3.2.6. Seltsi tegevuse l\u00f5petamise otsustamine; <br>3.2.7. j\u00e4relevalve teostamine teiste Seltsi organite \u00fcle. Selle \u00fclesande t\u00e4itmiseks v\u00f5ib \u00fcldkoosolek m\u00e4\u00e4rata revisjoni v\u00f5i audiitorkontrolli; <br>3.2.8. muude k\u00fcsimuste otsustamine, mis ei ole seaduse v\u00f5i p\u00f5hikirjaga antud teiste organite p\u00e4devusse. <br>3.3. \u00dcldkoosoleku kutsub kokku juhatus. Juhatus peab \u00fcldkoosoleku kokku kutsuma, kui seda n\u00f5uab kirjalikult ja p\u00f5hjust \u00e4ra n\u00e4idates v\u00e4hemalt 1\/10 Seltsi liikmetest. Kui juhatus sellisel juhul \u00fcldkoosolekut kokku ei kutsu, v\u00f5ivad taotlejad \u00fcldkoosoleku ise kokku kutsuda samas korras juhatusega. <br>3.4. \u00dcldkoosoleku kokkukutsumisest ja seal arutatavatest k\u00fcsimustest teatab juhatus liikmetele kirjalikult ette v\u00e4hemalt seitse (7) p\u00e4eva. <br>3.5. \u00dcldkoosolek on otsustusv\u00f5imeline, kui sellel osaleb v\u00e4hemalt \u00fcks kolmandik liikmetest v\u00f5i nende esindajatest. <br>3.6. Juhul kui \u00fcldkoosolekul osaleb v\u00e4hem kui kolmandik liikmetest, kutsub juhatus kokku uue \u00fcldkoosoleku. \u00dcldkoosoleku kokkukutsumisest ja seal arutatavatest k\u00fcsimustest teatab juhatus liikmetele kirjalikult ette v\u00e4hemalt seitse (7) p\u00e4eva. Sellisel juhul on \u00fcldkoosolek otsustusv\u00f5imeline olenemata seal esindatud h\u00e4\u00e4lte arvust. <br>3.7. \u00dcldkoosolek on p\u00e4dev vastu v\u00f5tma otsuseid k\u00fcsimustes, mis on \u00fcldkoosoleku kokkukutsumisel teatavaks tehtud. <br>3.8. \u00dcldkoosolekul v\u00f5ib osaleda ja h\u00e4\u00e4letada liige v\u00f5i tema esindaja, kellele on antud lihtkirjalik volikiri. Esindajaks v\u00f5ib olla ainult teine liige. Liige v\u00f5ib esindada mitut liiget. Igal liikmel on \u00fcks (1) h\u00e4\u00e4l. <br>3.9. \u00dcldkoosoleku otsus on vastu v\u00f5etud, kui selle poolt h\u00e4\u00e4letab \u00fcle poole koosolekul osalenud liikmetest, v.a. p-des 3.11. ja 3.12. s\u00e4testatud juhtudel. <br>3.10. Isiku valimisel loetakse valituks kandidaat, kes sai teistest enim h\u00e4\u00e4li. H\u00e4\u00e4lte v\u00f5rdse jagunemise korral heidetakse liisku. <br>3.11. P\u00f5hikirja muutmise otsus ja Seltsi tegevuse l\u00f5petamise otsus on vastu v\u00f5etud, kui selle poolt on h\u00e4\u00e4letanud \u00fcle 2\/3 \u00fcldkoosolekul osalenud liikmetest v\u00f5i nende esindajatest. <br>3.12. Seltsi eesm\u00e4rgi muutmiseks on vajalik v\u00e4hemalt 9\/10 liikmete n\u00f5usolek. <br>3.13. Seltsi juhib ja esindab juhatus. Juhatuses on kolm (3) kuni viis (5) liiget. <br>3.14. Seltsi juhatus: <br>3.14.1. korraldab Seltsi raamatupidamist; <br>3.14.2. esitab \u00fcldkoosolekule aruande Seltsi tegevusest; <br>3.14.3. esindab Seltsi k\u00f5igis \u00f5igustoimingutes; <br>3.14.4. valmistab ette ja viib l\u00e4bi \u00fcldkoosoleku; <br>3.14.5. peab liikmete arvestust; <br>3.14.6. arvab liikme p\u00f5hikirjas s\u00e4testatud tingimustel ja korras Seltsist v\u00e4lja; <br>3.14.7. v\u00f5tab t\u00f6\u00f6le palgalisi t\u00f6\u00f6tajaid; <br>3.14.8. t\u00e4idab muid seaduse ja p\u00f5hikirjaga juhatuse p\u00e4devusse antud \u00fclesandeid. <br>3.15. Juhatus v\u00f5ib vastu v\u00f5tta otsuseid, kui juhatuse koosolekul osaleb \u00fcle poole juhatuse liikmetest. Juhatuse otsuse vastuv\u00f5tmiseks on n\u00f5utav koosolekul osalenud juhatuse liikmete poolth\u00e4\u00e4lteenamus. <br>3.16. Juhatuse igal liikmel on \u00f5igus esindada Seltsi k\u00f5igis \u00f5igustoimingutes.<\/p>\n\n\n\n<h3 class=\"wp-block-heading\">IV. Seltsi \u00fchinemine, jagunemine ja l\u00f5petamine<\/h3>\n\n\n\n<p>3.17. Seltsi \u00fchinemine, jagunemine ja l\u00f5petamine toimub seaduses s\u00e4testatud korras. 3.18. Seltsi l\u00f5petamisel jaotatakse Seltsi vara p\u00f5hikirjas s\u00e4testatud eesm\u00e4rkide saavutamiseks \u00fcldkoosoleku poolt m\u00e4\u00e4ratud \u00f5igustatud isikute vahel.<\/p>\n","protected":false},"excerpt":{"rendered":"<p>Muudetud Seltsi \u00fcldkoosoleku otsusega 11. mail 2021 MITTETULUNDUS\u00dcHINGU AKADEEMILINE TEOLOOGIA SELTS P\u00d5HIKIRI I. \u00dclds\u00e4tted 1.1. Mittetulundus\u00fchingu nimi on Akadeemiline Teoloogia Selts.1.2. Mittetulundus\u00fchingu Akadeemiline Teoloogia Selts (edaspidi nimetatud Selts) asukoht on Tartu, Eesti Vabariik; Selts on era\u00f5iguslik juriidiline isik. 1.3. Selts <a class=\"more-link\" href=\"https:\/\/usuteadus.ee\/?page_id=1316&#038;lang=et\">Continue reading <span class=\"screen-reader-text\">  ATSi p\u00f5hikiri<\/span><span class=\"meta-nav\">&rarr;<\/span><\/a><\/p>\n","protected":false},"author":1,"featured_media":0,"parent":39,"menu_order":0,"comment_status":"closed","ping_status":"closed","template":"","meta":{"footnotes":""},"class_list":["post-1316","page","type-page","status-publish","hentry"],"_links":{"self":[{"href":"https:\/\/usuteadus.ee\/index.php?rest_route=\/wp\/v2\/pages\/1316","targetHints":{"allow":["GET"]}}],"collection":[{"href":"https:\/\/usuteadus.ee\/index.php?rest_route=\/wp\/v2\/pages"}],"about":[{"href":"https:\/\/usuteadus.ee\/index.php?rest_route=\/wp\/v2\/types\/page"}],"author":[{"embeddable":true,"href":"https:\/\/usuteadus.ee\/index.php?rest_route=\/wp\/v2\/users\/1"}],"replies":[{"embeddable":true,"href":"https:\/\/usuteadus.ee\/index.php?rest_route=%2Fwp%2Fv2%2Fcomments&post=1316"}],"version-history":[{"count":2,"href":"https:\/\/usuteadus.ee\/index.php?rest_route=\/wp\/v2\/pages\/1316\/revisions"}],"predecessor-version":[{"id":1320,"href":"https:\/\/usuteadus.ee\/index.php?rest_route=\/wp\/v2\/pages\/1316\/revisions\/1320"}],"up":[{"embeddable":true,"href":"https:\/\/usuteadus.ee\/index.php?rest_route=\/wp\/v2\/pages\/39"}],"wp:attachment":[{"href":"https:\/\/usuteadus.ee\/index.php?rest_route=%2Fwp%2Fv2%2Fmedia&parent=1316"}],"curies":[{"name":"wp","href":"https:\/\/api.w.org\/{rel}","templated":true}]}}